{"id":1990,"date":"2020-10-08T16:57:32","date_gmt":"2020-10-08T13:57:32","guid":{"rendered":"https:\/\/medicare.beta4u.gr\/?page_id=1990"},"modified":"2026-02-26T15:08:54","modified_gmt":"2026-02-26T13:08:54","slug":"archiki","status":"publish","type":"page","link":"https:\/\/medicare.beta4u.gr\/fr\/","title":{"rendered":"Maison"},"content":{"rendered":"\n<div class=\"home-details\"><div class=\"mobile-show\"><img decoding=\"async\" src=\"\/wp-content\/uploads\/2023\/11\/logo.png\" alt=\"logo\"\/><div class=\"first-screen\"><div class=\"font-25 white w700\">Bienvenue sur <br> Trouver un m\u00e9decin<\/div><h2 class=\"font-16 w400 white\">R\u00e9servez votre rendez-vous rapidement et facilement, en 6 \u00e9tapes simples !<\/h2><div class=\"blue-button\">R\u00c9SERVEZ VOTRE RENDEZ-VOUS<\/div><div class=\"copyright font-16 w400 white\">\u00a9 2023 Find a Doctor.  All rights reserved.<\/div><div class=\"font-16 w400 white\">Web Design &amp; Development by <img decoding=\"async\" src=\"\/wp-content\/uploads\/2020\/10\/LOGO-Copy.png\" alt=\"logo\"\/> <\/div><\/div><\/div><div class=\"details-inner\" id=\"home-scroll\"><div class=\"logo-flex\"><div class=\"logo one-second\"><a href=\"\/\"><img decoding=\"async\" src=\"\/wp-content\/uploads\/2023\/11\/Screenshot_58.jpg\" alt=\"logo\"\/><\/a>\n<div role=\"navigation\" aria-label=\"S\u00e9lecteur de langue\" class=\"wpml-ls-statics-shortcode_actions wpml-ls wpml-ls-legacy-list-horizontal\">\n\t<ul><li class=\"wpml-ls-slot-shortcode_actions wpml-ls-item wpml-ls-item-el wpml-ls-first-item wpml-ls-item-legacy-list-horizontal\">\n\t\t\t\t<a href=\"https:\/\/medicare.beta4u.gr\/\" hreflang=\"el\" lang=\"el\" class=\"wpml-ls-link\" aria-label=\"Passer \u00e0 EL\" title=\"Passer \u00e0 EL\">\n\t\t\t\t\t<span class=\"wpml-ls-display\">EL<\/span><\/a>\n\t\t\t<\/li><li class=\"wpml-ls-slot-shortcode_actions wpml-ls-item wpml-ls-item-en wpml-ls-item-legacy-list-horizontal\">\n\t\t\t\t<a href=\"https:\/\/medicare.beta4u.gr\/en\/\" hreflang=\"en\" lang=\"en\" class=\"wpml-ls-link\" aria-label=\"Passer \u00e0 EN\" title=\"Passer \u00e0 EN\">\n\t\t\t\t\t<span class=\"wpml-ls-display\">EN<\/span><\/a>\n\t\t\t<\/li><li class=\"wpml-ls-slot-shortcode_actions wpml-ls-item wpml-ls-item-fr wpml-ls-current-language wpml-ls-last-item wpml-ls-item-legacy-list-horizontal\">\n\t\t\t\t<a href=\"https:\/\/medicare.beta4u.gr\/fr\/\" hreflang=\"fr\" lang=\"fr\" class=\"wpml-ls-link\" aria-current=\"page\" aria-label=\"Passer \u00e0 FR\" title=\"Passer \u00e0 FR\">\n\t\t\t\t\t<span class=\"wpml-ls-native\">FR<\/span><\/a>\n\t\t\t<\/li><\/ul>\n<\/div>\n<\/div><div class=\"one-second bord\"><div>Contact T\u00e9l. : <span class=\"blue\"><a href=\"tel:+302897025100\">+30 28970 25100<\/a><\/span><\/div><div>Appelez une ambulance: <span class=\"red\"><a href=\"tel:1212\">1212<\/a><\/span><\/div><\/div><\/div><div class=\"font-15\"><strong>Find A Doctor aide les voyageurs \u00e0 trouver un m\u00e9decin pendant leur s\u00e9jour en Cr\u00e8te.<\/strong><br><br>Reconnaissant la difficult\u00e9 de trouver des soins m\u00e9dicaux de qualit\u00e9 pendant une p\u00e9riode de vacances, nous avons d\u00e9cid\u00e9 de cr\u00e9er Find A Doctor.<br><br>Tous les m\u00e9decins de notre r\u00e9seau ont \u00e9t\u00e9 rigoureusement v\u00e9rifi\u00e9s pour garantir que vous receviez des soins m\u00e9dicaux de haute qualit\u00e9.<br><br><strong>Avec Find A Doctor, vous avez acc\u00e8s \u00e0 :<\/strong><ul><li>Un r\u00e9seau de m\u00e9decins de confiance<\/li><li>3 types de consultations (en cabinet, \u00e0 domicile ou par vid\u00e9o)<\/li><li>Assistance multilingue 24h\/24 et 7j\/7<\/li><\/ul>Prenez rendez-vous d\u00e8s maintenant avec l'un de nos professionnels m\u00e9dicaux agr\u00e9\u00e9s et de confiance dans plusieurs localit\u00e9s en Cr\u00e8te.<\/div><div style=\"float:left;width:100%;\"><div class=\"pick\">Choisissez le rendez-vous qui vous int\u00e9resse.<\/div><a class=\"blue-button\" href=\"\/fr\/rantevou-sto-spiti\/\">RENDEZ-VOUS \u00c0 DOMICILE<\/a><a class=\"red-button\" href=\"\/fr\/rantevou-sto-iatreio\/\">RENDEZ-VOUS \u00c0 LA CLINIQUE<\/a><a class=\"faq-button\" href=\"\/fr\/faq\">FAQs<\/a><\/div><\/div><\/div><\/div>\n","protected":false},"excerpt":{"rendered":"","protected":false},"author":1,"featured_media":0,"parent":0,"menu_order":0,"comment_status":"closed","ping_status":"closed","template":"","meta":{"_acf_changed":false,"footnotes":""},"class_list":["post-1990","page","type-page","status-publish","hentry"],"acf":[],"_links":{"self":[{"href":"https:\/\/medicare.beta4u.gr\/fr\/wp-json\/wp\/v2\/pages\/1990","targetHints":{"allow":["GET"]}}],"collection":[{"href":"https:\/\/medicare.beta4u.gr\/fr\/wp-json\/wp\/v2\/pages"}],"about":[{"href":"https:\/\/medicare.beta4u.gr\/fr\/wp-json\/wp\/v2\/types\/page"}],"author":[{"embeddable":true,"href":"https:\/\/medicare.beta4u.gr\/fr\/wp-json\/wp\/v2\/users\/1"}],"replies":[{"embeddable":true,"href":"https:\/\/medicare.beta4u.gr\/fr\/wp-json\/wp\/v2\/comments?post=1990"}],"version-history":[{"count":2,"href":"https:\/\/medicare.beta4u.gr\/fr\/wp-json\/wp\/v2\/pages\/1990\/revisions"}],"predecessor-version":[{"id":1992,"href":"https:\/\/medicare.beta4u.gr\/fr\/wp-json\/wp\/v2\/pages\/1990\/revisions\/1992"}],"wp:attachment":[{"href":"https:\/\/medicare.beta4u.gr\/fr\/wp-json\/wp\/v2\/media?parent=1990"}],"curies":[{"name":"wp","href":"https:\/\/api.w.org\/{rel}","templated":true}]}}