{"id":2223,"date":"2023-11-15T18:35:02","date_gmt":"2023-11-15T16:35:02","guid":{"rendered":"https:\/\/medicare.beta4u.gr\/?page_id=2223"},"modified":"2026-02-26T17:39:55","modified_gmt":"2026-02-26T15:39:55","slug":"rantevou-sto-iatreio","status":"publish","type":"page","link":"https:\/\/medicare.beta4u.gr\/fr\/rantevou-sto-iatreio\/","title":{"rendered":"Rendez-vous chez le m\u00e9decin"},"content":{"rendered":"\n<div class=\"home-details\"><div class=\"details-inner\" id=\"home-scroll\"><div class=\"logo-flex\"><div class=\"logo one-second\"><a href=\"\/\"><img decoding=\"async\" src=\"\/wp-content\/uploads\/2023\/11\/Screenshot_58.jpg\" alt=\"Logo\"\/><\/a>\n<div role=\"navigation\" aria-label=\"S\u00e9lecteur de langue\" class=\"wpml-ls-statics-shortcode_actions wpml-ls wpml-ls-legacy-list-horizontal\">\n\t<ul><li class=\"wpml-ls-slot-shortcode_actions wpml-ls-item wpml-ls-item-el wpml-ls-first-item wpml-ls-item-legacy-list-horizontal\">\n\t\t\t\t<a href=\"https:\/\/medicare.beta4u.gr\/\" hreflang=\"el\" lang=\"el\" class=\"wpml-ls-link\" aria-label=\"Passer \u00e0 EL\" title=\"Passer \u00e0 EL\">\n\t\t\t\t\t<span class=\"wpml-ls-display\">EL<\/span><\/a>\n\t\t\t<\/li><li class=\"wpml-ls-slot-shortcode_actions wpml-ls-item wpml-ls-item-en wpml-ls-item-legacy-list-horizontal\">\n\t\t\t\t<a href=\"https:\/\/medicare.beta4u.gr\/en\/\" hreflang=\"en\" lang=\"en\" class=\"wpml-ls-link\" aria-label=\"Passer \u00e0 EN\" title=\"Passer \u00e0 EN\">\n\t\t\t\t\t<span class=\"wpml-ls-display\">EN<\/span><\/a>\n\t\t\t<\/li><li class=\"wpml-ls-slot-shortcode_actions wpml-ls-item wpml-ls-item-fr wpml-ls-current-language wpml-ls-last-item wpml-ls-item-legacy-list-horizontal\">\n\t\t\t\t<a href=\"https:\/\/medicare.beta4u.gr\/fr\/\" hreflang=\"fr\" lang=\"fr\" class=\"wpml-ls-link\" aria-current=\"page\" aria-label=\"Passer \u00e0 FR\" title=\"Passer \u00e0 FR\">\n\t\t\t\t\t<span class=\"wpml-ls-native\">FR<\/span><\/a>\n\t\t\t<\/li><\/ul>\n<\/div>\n<\/div><div class=\"one-second bord\"><div>Contact T\u00e9l. : <span class=\"blue\"><a href=\"tel:+302897025100\">+30 28970 25100<\/a><\/span><\/div><div>Appelez une ambulance: <span class=\"red\"><a href=\"tel:1212\">1212<\/a><\/span><\/div><\/div><\/div><div class=\"font-25 w700 black center\">Rendez-vous \u00e0 domicile<\/div><div class=\"font-17 w700 black center\">Choisissez une sp\u00e9cialit\u00e9<\/div><div class=\"bar\"><div class=\"inner-bar\"><\/div><\/div><div class=\"timeline\"><div class=\"one-sixth\">S\u00e9lectionner<br>par sp\u00e9cialit\u00e9<\/div><div class=\"one-sixth\">Choisissez<br>un m\u00e9decin<\/div><div class=\"one-sixth\">S\u00e9lectionnez<br>une date<br>disponible<\/div><div class=\"one-sixth\">S\u00e9lectionnez le<br>temps<br>disponible<\/div><div class=\"one-sixth\">Nous vous confirmerons<br>votre rendez-vous<br>dans l'e-mail<br>que vous recevrez.<\/div><div class=\"one-sixth\">Remplissez vos<br>coordonn\u00e9es et<br>effectuez le paiement.<\/div><\/div><div class=\"fl font-15 center black\">Apr\u00e8s l'enregistrement de votre demande, nous vous contacterons pour la confirmation officielle de votre rendez-vous.<\/div><div class=\"fl\"><div class=\"fl-select-inner\">\n       <div>Choisissez une sp\u00e9cialit\u00e9<\/div>\n       <select name=\"child_category\" class=\"pick-doc\"><option disabled selected>S\u00e9lection<\/option><option url=\"kardiologos\" value=\"82\">Cardiologue<\/option><option url=\"genikos-cheirourgos\" value=\"80\">Chirurgien g\u00e9n\u00e9ral<\/option><option url=\"cheirourgos-orthopaidikos\" value=\"90\">Chirurgien Orthop\u00e9dique<\/option><option url=\"angeiocheirourgos\" value=\"78\">Chirurgien vasculaire<\/option><option url=\"otorinolaryngologos-orl-2\" value=\"92\">Oto-rhino-laryngologiste (ORL)<\/option><option url=\"pathologos-2\" value=\"84\">Pathologiste<\/option><option url=\"paidiatros\" value=\"86\">P\u00e9diatre<\/option><option url=\"fysikotherapeftis-2\" value=\"88\">Physioth\u00e9rapeute<\/option> <\/select><a class=\"blue-button\" href=\"#\">CONTINUER<\/a><a href=\"#\" class=\"back-button\" id=\"goBackLink\">&lt; \u00e9tape pr\u00e9c\u00e9dente<\/a><\/div><\/div><\/div><\/div>\n","protected":false},"excerpt":{"rendered":"","protected":false},"author":1,"featured_media":0,"parent":0,"menu_order":0,"comment_status":"closed","ping_status":"closed","template":"","meta":{"_acf_changed":false,"footnotes":""},"class_list":["post-2223","page","type-page","status-publish","hentry"],"acf":[],"_links":{"self":[{"href":"https:\/\/medicare.beta4u.gr\/fr\/wp-json\/wp\/v2\/pages\/2223","targetHints":{"allow":["GET"]}}],"collection":[{"href":"https:\/\/medicare.beta4u.gr\/fr\/wp-json\/wp\/v2\/pages"}],"about":[{"href":"https:\/\/medicare.beta4u.gr\/fr\/wp-json\/wp\/v2\/types\/page"}],"author":[{"embeddable":true,"href":"https:\/\/medicare.beta4u.gr\/fr\/wp-json\/wp\/v2\/users\/1"}],"replies":[{"embeddable":true,"href":"https:\/\/medicare.beta4u.gr\/fr\/wp-json\/wp\/v2\/comments?post=2223"}],"version-history":[{"count":2,"href":"https:\/\/medicare.beta4u.gr\/fr\/wp-json\/wp\/v2\/pages\/2223\/revisions"}],"predecessor-version":[{"id":2226,"href":"https:\/\/medicare.beta4u.gr\/fr\/wp-json\/wp\/v2\/pages\/2223\/revisions\/2226"}],"wp:attachment":[{"href":"https:\/\/medicare.beta4u.gr\/fr\/wp-json\/wp\/v2\/media?parent=2223"}],"curies":[{"name":"wp","href":"https:\/\/api.w.org\/{rel}","templated":true}]}}