{"id":2252,"date":"2020-10-12T16:36:31","date_gmt":"2020-10-12T13:36:31","guid":{"rendered":"https:\/\/medicare.beta4u.gr\/?page_id=2252"},"modified":"2026-02-27T12:22:48","modified_gmt":"2026-02-27T10:22:48","slug":"faqs","status":"publish","type":"page","link":"https:\/\/medicare.beta4u.gr\/fr\/faqs\/","title":{"rendered":"Faqs"},"content":{"rendered":"\n<div class=\"home-details\"><div class=\"details-inner\" id=\"home-scroll\"><div class=\"logo-flex\"><div class=\"logo one-second\"><a href=\"\/\"><img decoding=\"async\" src=\"\/wp-content\/uploads\/2023\/11\/Screenshot_58.jpg\" alt=\"Site logo\"\/><\/a>\n<div role=\"navigation\" aria-label=\"S\u00e9lecteur de langue\" class=\"wpml-ls-statics-shortcode_actions wpml-ls wpml-ls-legacy-list-horizontal\">\n\t<ul><li class=\"wpml-ls-slot-shortcode_actions wpml-ls-item wpml-ls-item-el wpml-ls-first-item wpml-ls-item-legacy-list-horizontal\">\n\t\t\t\t<a href=\"https:\/\/medicare.beta4u.gr\/\" hreflang=\"el\" lang=\"el\" class=\"wpml-ls-link\" aria-label=\"Passer \u00e0 EL\" title=\"Passer \u00e0 EL\">\n\t\t\t\t\t<span class=\"wpml-ls-display\">EL<\/span><\/a>\n\t\t\t<\/li><li class=\"wpml-ls-slot-shortcode_actions wpml-ls-item wpml-ls-item-en wpml-ls-item-legacy-list-horizontal\">\n\t\t\t\t<a href=\"https:\/\/medicare.beta4u.gr\/en\/\" hreflang=\"en\" lang=\"en\" class=\"wpml-ls-link\" aria-label=\"Passer \u00e0 EN\" title=\"Passer \u00e0 EN\">\n\t\t\t\t\t<span class=\"wpml-ls-display\">EN<\/span><\/a>\n\t\t\t<\/li><li class=\"wpml-ls-slot-shortcode_actions wpml-ls-item wpml-ls-item-fr wpml-ls-current-language wpml-ls-last-item wpml-ls-item-legacy-list-horizontal\">\n\t\t\t\t<a href=\"https:\/\/medicare.beta4u.gr\/fr\/\" hreflang=\"fr\" lang=\"fr\" class=\"wpml-ls-link\" aria-current=\"page\" aria-label=\"Passer \u00e0 FR\" title=\"Passer \u00e0 FR\">\n\t\t\t\t\t<span class=\"wpml-ls-native\">FR<\/span><\/a>\n\t\t\t<\/li><\/ul>\n<\/div>\n<\/div><div class=\"one-second bord\"><div>Contact T\u00e9l. : <span class=\"blue\"><a href=\"tel:+302897025100\">+30 28970 25100<\/a><\/span><\/div><div>Appelez une ambulance: <span class=\"red\"><a href=\"tel:1212\">1212<\/a><\/span><\/div><\/div><\/div><div class=\"faqs\"><div class=\"faqs-inner\"><h2 class=\"main-h2\">Consultez les informations importantes concernant<br> votre rendez-vous.<\/h2><div class=\"faq\"><div class=\"question\">Que se passe-t-il apr\u00e8s avoir effectu\u00e9 ma r\u00e9servation ?<\/div><div class=\"answer\">\n<p>Une fois votre r\u00e9servation effectu\u00e9e, vous recevrez un courriel contenant les d\u00e9tails de votre r\u00e9servation (nom de l&rsquo;interlocuteur, date et heure).<\/p>\n<\/div><\/div><div class=\"faq\"><div class=\"question\">Mes informations personnelles sont-elles en s\u00e9curit\u00e9 ?<\/div><div class=\"answer\">\n<p>Les informations que vous saisissez sur la plateforme pour finaliser votre r\u00e9servation sont s\u00e9curis\u00e9es. Le site web respecte toutes les normes de s\u00e9curit\u00e9 techniques afin d&#8217;emp\u00eacher l&rsquo;interception de vos donn\u00e9es.<\/p>\n\n\n\n<p>En cas de paiement par carte, vos coordonn\u00e9es bancaires ne sont pas stock\u00e9es sur le site ; vous les saisissez directement via une redirection vers l&rsquo;environnement s\u00e9curis\u00e9 de la banque partenaire.<\/p>\n<\/div><\/div><\/div><\/div><\/div><\/div>\n","protected":false},"excerpt":{"rendered":"","protected":false},"author":1,"featured_media":0,"parent":0,"menu_order":0,"comment_status":"closed","ping_status":"closed","template":"","meta":{"_acf_changed":false,"footnotes":""},"class_list":["post-2252","page","type-page","status-publish","hentry"],"acf":[],"_links":{"self":[{"href":"https:\/\/medicare.beta4u.gr\/fr\/wp-json\/wp\/v2\/pages\/2252","targetHints":{"allow":["GET"]}}],"collection":[{"href":"https:\/\/medicare.beta4u.gr\/fr\/wp-json\/wp\/v2\/pages"}],"about":[{"href":"https:\/\/medicare.beta4u.gr\/fr\/wp-json\/wp\/v2\/types\/page"}],"author":[{"embeddable":true,"href":"https:\/\/medicare.beta4u.gr\/fr\/wp-json\/wp\/v2\/users\/1"}],"replies":[{"embeddable":true,"href":"https:\/\/medicare.beta4u.gr\/fr\/wp-json\/wp\/v2\/comments?post=2252"}],"version-history":[{"count":1,"href":"https:\/\/medicare.beta4u.gr\/fr\/wp-json\/wp\/v2\/pages\/2252\/revisions"}],"predecessor-version":[{"id":2253,"href":"https:\/\/medicare.beta4u.gr\/fr\/wp-json\/wp\/v2\/pages\/2252\/revisions\/2253"}],"wp:attachment":[{"href":"https:\/\/medicare.beta4u.gr\/fr\/wp-json\/wp\/v2\/media?parent=2252"}],"curies":[{"name":"wp","href":"https:\/\/api.w.org\/{rel}","templated":true}]}}